{"id":2300,"date":"2021-07-09T12:33:07","date_gmt":"2021-07-09T10:33:07","guid":{"rendered":"https:\/\/cguillet.fr\/WordPress3\/?page_id=2300"},"modified":"2024-06-28T09:35:38","modified_gmt":"2024-06-28T07:35:38","slug":"new-home","status":"publish","type":"page","link":"https:\/\/cguillet.fr\/WordPress3\/","title":{"rendered":"New Home"},"content":{"rendered":"\n<div class=\"wp-block-cover alignfull wp-duotone-midnight\"><span aria-hidden=\"true\" class=\"wp-block-cover__background has-background-dim\"><\/span><img fetchpriority=\"high\" decoding=\"async\" width=\"2000\" height=\"451\" class=\"wp-block-cover__image-background wp-image-1087\" alt=\"\" src=\"https:\/\/cguillet.fr\/WordPress3\/wp-content\/uploads\/2018\/07\/cropped-ovidiu-creanga-677121-unsplash.jpg\" data-object-fit=\"cover\" srcset=\"https:\/\/cguillet.fr\/WordPress3\/wp-content\/uploads\/2018\/07\/cropped-ovidiu-creanga-677121-unsplash.jpg 2000w, https:\/\/cguillet.fr\/WordPress3\/wp-content\/uploads\/2018\/07\/cropped-ovidiu-creanga-677121-unsplash-300x68.jpg 300w, https:\/\/cguillet.fr\/WordPress3\/wp-content\/uploads\/2018\/07\/cropped-ovidiu-creanga-677121-unsplash-768x173.jpg 768w, https:\/\/cguillet.fr\/WordPress3\/wp-content\/uploads\/2018\/07\/cropped-ovidiu-creanga-677121-unsplash-1024x231.jpg 1024w\" sizes=\"(max-width: 2000px) 100vw, 2000px\" \/><div class=\"wp-block-cover__inner-container is-layout-flow wp-block-cover-is-layout-flow\">\n<p id=\"HautDePage\" style=\"padding-top:0;padding-right:var(--wp--preset--spacing--30);padding-bottom:0;padding-left:var(--wp--preset--spacing--30);font-size:2.7em;line-height:1.5\">Bienvenue sur le blog des Concepteur Designer UI<\/p>\n\n\n\n<div class=\"wp-block-columns is-layout-flex wp-container-core-columns-is-layout-2 wp-block-columns-is-layout-flex\">\n<div class=\"wp-block-column is-layout-flow wp-block-column-is-layout-flow\" style=\"flex-basis:100%\">\n<div class=\"wp-block-columns is-layout-flex wp-container-core-columns-is-layout-1 wp-block-columns-is-layout-flex\">\n<div class=\"wp-block-column is-layout-flow wp-block-column-is-layout-flow\" style=\"flex-basis:100%\">\n<h5 class=\"wp-block-columns\" style=\"text-align: right\"><span style=\"color: #ffffff\">Gobelins &#8211; Campus Saint Marcel<\/span><\/h5>\n<p style=\"text-align: center\">\u00a0<\/p>\n<\/div>\n<\/div>\n<\/div>\n<\/div>\n<\/div><\/div>\n\n\n\n<div style=\"height:123px\" aria-hidden=\"true\" class=\"wp-block-spacer\"><\/div>\n\n\n\n<h1 class=\"wp-block-heading alignfull has-text-align-center\">Planning &amp; rendez-vous importants <\/h1>\n\n\n\n\t\t\t<div class=\"wp-block-uagb-post-masonry uagb-post-grid  uagb-post__image-position-top uagb-post__image-enabled uagb-block-15a2c1dc     uagb-post__items uagb-post__columns-3 is-masonry uagb-post__columns-tablet-2 uagb-post__columns-mobile-1\" data-total=\"1\" style=\"\">\n\n\t\t\t\t\t\t\t\t\t\t\t\t<article class=\"uagb-post__inner-wrap\">\t\t\t\t\t\t\t\t<div class='uagb-post__image'>\n\t\t\t\t\t\t\t\t\t<a href=\"https:\/\/cguillet.fr\/WordPress3\/2023\/09\/le-planning-de-lannee-2021-2022\/\" target=\"_blank\" rel=\"bookmark noopener noreferrer\"><img decoding=\"async\" width=\"1024\" height=\"684\" src=\"https:\/\/cguillet.fr\/WordPress3\/wp-content\/uploads\/2018\/07\/estee-janssens-396885-unsplash-1024x684.jpg\" class=\"attachment-large size-large\" alt=\"\" srcset=\"https:\/\/cguillet.fr\/WordPress3\/wp-content\/uploads\/2018\/07\/estee-janssens-396885-unsplash-1024x684.jpg 1024w, https:\/\/cguillet.fr\/WordPress3\/wp-content\/uploads\/2018\/07\/estee-janssens-396885-unsplash-300x201.jpg 300w, https:\/\/cguillet.fr\/WordPress3\/wp-content\/uploads\/2018\/07\/estee-janssens-396885-unsplash-768x513.jpg 768w\" sizes=\"(max-width: 1024px) 100vw, 1024px\" \/>\t\t\t\t\t<\/a>\n\t\t\t\t\t\t\t\t\t<\/div>\n\t\t\t\t\t\t<h5 class=\"uagb-post__title uagb-post__text\">\n\t\t\t\t<a href=\"https:\/\/cguillet.fr\/WordPress3\/2023\/09\/le-planning-de-lannee-2021-2022\/\" target=\"_blank\" rel=\"bookmark noopener noreferrer\">Prot\u00e9g\u00e9\u00a0: Le planning de l&rsquo;ann\u00e9e 2023\/2024<\/a>\n\t\t\t<\/h5>\n\t\t\t\t\t\t<div class='uagb-post__text uagb-post-grid-byline'>\n\t\t\t\t\t\t\t\t<time datetime=\"2023-09-07T10:00:12+02:00\" class=\"uagb-post__date\">\n\t\t\t\t\t\t\t\t\tseptembre 7, 2023\t\t\t\t<\/time>\n\t\t\t\t\t\t<\/div>\n\t\t\t\t\t\t<div class=\"uagb-post__text uagb-post__cta wp-block-button\">\n\t\t\t\t<a class=\"wp-block-button__link uagb-text-link\" style=\"\" href=\"https:\/\/cguillet.fr\/WordPress3\/2023\/09\/le-planning-de-lannee-2021-2022\/\" target=\"_blank\" rel=\"bookmark noopener noreferrer\">Lire la suite<\/a>\n\t\t\t<\/div>\n\t\t\t\n\t\t\t\t\t\t\t\t\t<\/article>\n\t\t\t\t\t\t\t\t\t\t\t\t\t\t\t\t<article class=\"uagb-post__inner-wrap\">\t\t\t\t\t\t\t\t<div class='uagb-post__image'>\n\t\t\t\t\t\t\t\t\t<a href=\"https:\/\/cguillet.fr\/WordPress3\/2023\/09\/reservation-des-visites-entreprises\/\" target=\"_blank\" rel=\"bookmark noopener noreferrer\"><img decoding=\"async\" width=\"1024\" height=\"683\" src=\"https:\/\/cguillet.fr\/WordPress3\/wp-content\/uploads\/2018\/07\/rawpixel-552391-unsplash-1024x683.jpg\" class=\"attachment-large size-large\" alt=\"\" srcset=\"https:\/\/cguillet.fr\/WordPress3\/wp-content\/uploads\/2018\/07\/rawpixel-552391-unsplash-1024x683.jpg 1024w, https:\/\/cguillet.fr\/WordPress3\/wp-content\/uploads\/2018\/07\/rawpixel-552391-unsplash-300x200.jpg 300w, https:\/\/cguillet.fr\/WordPress3\/wp-content\/uploads\/2018\/07\/rawpixel-552391-unsplash-768x512.jpg 768w\" sizes=\"(max-width: 1024px) 100vw, 1024px\" \/>\t\t\t\t\t<\/a>\n\t\t\t\t\t\t\t\t\t<\/div>\n\t\t\t\t\t\t<h5 class=\"uagb-post__title uagb-post__text\">\n\t\t\t\t<a href=\"https:\/\/cguillet.fr\/WordPress3\/2023\/09\/reservation-des-visites-entreprises\/\" target=\"_blank\" rel=\"bookmark noopener noreferrer\">Prot\u00e9g\u00e9\u00a0: R\u00e9servation des visites entreprises<\/a>\n\t\t\t<\/h5>\n\t\t\t\t\t\t<div class='uagb-post__text uagb-post-grid-byline'>\n\t\t\t\t\t\t\t\t<time datetime=\"2023-09-07T10:00:24+02:00\" class=\"uagb-post__date\">\n\t\t\t\t\t\t\t\t\tseptembre 7, 2023\t\t\t\t<\/time>\n\t\t\t\t\t\t<\/div>\n\t\t\t\t\t\t<div class=\"uagb-post__text uagb-post__cta wp-block-button\">\n\t\t\t\t<a class=\"wp-block-button__link uagb-text-link\" style=\"\" href=\"https:\/\/cguillet.fr\/WordPress3\/2023\/09\/reservation-des-visites-entreprises\/\" target=\"_blank\" rel=\"bookmark noopener noreferrer\">Lire la suite<\/a>\n\t\t\t<\/div>\n\t\t\t\n\t\t\t\t\t\t\t\t\t<\/article>\n\t\t\t\t\t\t\t\t\t\t\t\t\t\t\t\t<article class=\"uagb-post__inner-wrap\">\t\t\t\t\t\t\t\t<div class='uagb-post__image'>\n\t\t\t\t\t\t\t\t\t<a href=\"https:\/\/cguillet.fr\/WordPress3\/2023\/09\/reservation-du-suivi-individuel-des-productions\/\" target=\"_blank\" rel=\"bookmark noopener noreferrer\"><img loading=\"lazy\" decoding=\"async\" width=\"1024\" height=\"683\" src=\"https:\/\/cguillet.fr\/WordPress3\/wp-content\/uploads\/2018\/07\/edho-pratama-149011-unsplash-1024x683.jpg\" class=\"attachment-large size-large\" alt=\"\" srcset=\"https:\/\/cguillet.fr\/WordPress3\/wp-content\/uploads\/2018\/07\/edho-pratama-149011-unsplash-1024x683.jpg 1024w, https:\/\/cguillet.fr\/WordPress3\/wp-content\/uploads\/2018\/07\/edho-pratama-149011-unsplash-300x200.jpg 300w, https:\/\/cguillet.fr\/WordPress3\/wp-content\/uploads\/2018\/07\/edho-pratama-149011-unsplash-768x512.jpg 768w\" sizes=\"(max-width: 1024px) 100vw, 1024px\" \/>\t\t\t\t\t<\/a>\n\t\t\t\t\t\t\t\t\t<\/div>\n\t\t\t\t\t\t<h5 class=\"uagb-post__title uagb-post__text\">\n\t\t\t\t<a href=\"https:\/\/cguillet.fr\/WordPress3\/2023\/09\/reservation-du-suivi-individuel-des-productions\/\" target=\"_blank\" rel=\"bookmark noopener noreferrer\">Prot\u00e9g\u00e9\u00a0: R\u00e9servation Suivi individuel &#038; Productions<\/a>\n\t\t\t<\/h5>\n\t\t\t\t\t\t<div class='uagb-post__text uagb-post-grid-byline'>\n\t\t\t\t\t\t\t\t<time datetime=\"2023-09-07T10:00:27+02:00\" class=\"uagb-post__date\">\n\t\t\t\t\t\t\t\t\tseptembre 7, 2023\t\t\t\t<\/time>\n\t\t\t\t\t\t<\/div>\n\t\t\t\t\t\t<div class=\"uagb-post__text uagb-post__cta wp-block-button\">\n\t\t\t\t<a class=\"wp-block-button__link uagb-text-link\" style=\"\" href=\"https:\/\/cguillet.fr\/WordPress3\/2023\/09\/reservation-du-suivi-individuel-des-productions\/\" target=\"_blank\" rel=\"bookmark noopener noreferrer\">Lire la suite<\/a>\n\t\t\t<\/div>\n\t\t\t\n\t\t\t\t\t\t\t\t\t<\/article>\n\t\t\t\t\t\t\t\t\t\t\t<\/div>\n\t\t\t\n\n\n<div style=\"height:76px\" aria-hidden=\"true\" class=\"wp-block-spacer\"><\/div>\n\n\n\n<h1 class=\"wp-block-heading alignfull has-text-align-center\">Liens Drive &amp; et suivi CCF<\/h1>\n\n\n\n\t\t\t<div class=\"wp-block-uagb-post-masonry uagb-post-grid  uagb-post__image-position-top uagb-post__image-disabled uagb-block-20ad4948     uagb-post__items uagb-post__columns-3 is-masonry uagb-post__columns-tablet-2 uagb-post__columns-mobile-1\" data-total=\"1\" style=\"\">\n\n\t\t\t\t\t\t\t\t\t\t\t\t<article class=\"uagb-post__inner-wrap\">\t\t\t\t\t\t\t\t<h5 class=\"uagb-post__title uagb-post__text\">\n\t\t\t\t<a href=\"https:\/\/cguillet.fr\/WordPress3\/2023\/09\/liens-acces-au-drive\/\" target=\"_blank\" rel=\"bookmark noopener noreferrer\">Prot\u00e9g\u00e9\u00a0: Liens acc\u00e8s au Drive<\/a>\n\t\t\t<\/h5>\n\t\t\t\t\t\t<div class='uagb-post__text uagb-post-grid-byline'>\n\t\t\t\t\t\t\t\t<time datetime=\"2023-09-07T11:00:16+02:00\" class=\"uagb-post__date\">\n\t\t\t\t\t\t\t\t\tseptembre 7, 2023\t\t\t\t<\/time>\n\t\t\t\t\t\t<\/div>\n\t\t\t\t\t\t<div class=\"uagb-post__text uagb-post__cta wp-block-button\">\n\t\t\t\t<a class=\"wp-block-button__link uagb-text-link\" style=\"\" href=\"https:\/\/cguillet.fr\/WordPress3\/2023\/09\/liens-acces-au-drive\/\" target=\"_blank\" rel=\"bookmark noopener noreferrer\">Lire la suite<\/a>\n\t\t\t<\/div>\n\t\t\t\n\t\t\t\t\t\t\t\t\t<\/article>\n\t\t\t\t\t\t\t\t\t\t\t\t\t\t\t\t<article class=\"uagb-post__inner-wrap\">\t\t\t\t\t\t\t\t<h5 class=\"uagb-post__title uagb-post__text\">\n\t\t\t\t<a href=\"https:\/\/cguillet.fr\/WordPress3\/2023\/09\/liens-redaction-dp\/\" target=\"_blank\" rel=\"bookmark noopener noreferrer\">Prot\u00e9g\u00e9\u00a0: Liens r\u00e9daction DP<\/a>\n\t\t\t<\/h5>\n\t\t\t\t\t\t<div class='uagb-post__text uagb-post-grid-byline'>\n\t\t\t\t\t\t\t\t<time datetime=\"2023-09-07T11:00:00+02:00\" class=\"uagb-post__date\">\n\t\t\t\t\t\t\t\t\tseptembre 7, 2023\t\t\t\t<\/time>\n\t\t\t\t\t\t<\/div>\n\t\t\t\t\t\t<div class=\"uagb-post__text uagb-post__cta wp-block-button\">\n\t\t\t\t<a class=\"wp-block-button__link uagb-text-link\" style=\"\" href=\"https:\/\/cguillet.fr\/WordPress3\/2023\/09\/liens-redaction-dp\/\" target=\"_blank\" rel=\"bookmark noopener noreferrer\">Lire la suite<\/a>\n\t\t\t<\/div>\n\t\t\t\n\t\t\t\t\t\t\t\t\t<\/article>\n\t\t\t\t\t\t\t\t\t\t\t\t\t\t\t\t<article class=\"uagb-post__inner-wrap\">\t\t\t\t\t\t\t\t<h5 class=\"uagb-post__title uagb-post__text\">\n\t\t\t\t<a href=\"https:\/\/cguillet.fr\/WordPress3\/2023\/09\/suivi-des-valuations-ccf\/\" target=\"_blank\" rel=\"bookmark noopener noreferrer\">Prot\u00e9g\u00e9\u00a0: Suivi des \u00e9valuations CCF<\/a>\n\t\t\t<\/h5>\n\t\t\t\t\t\t<div class='uagb-post__text uagb-post-grid-byline'>\n\t\t\t\t\t\t\t\t<time datetime=\"2023-09-07T11:38:00+02:00\" class=\"uagb-post__date\">\n\t\t\t\t\t\t\t\t\tseptembre 7, 2023\t\t\t\t<\/time>\n\t\t\t\t\t\t<\/div>\n\t\t\t\t\t\t<div class=\"uagb-post__text uagb-post__cta wp-block-button\">\n\t\t\t\t<a class=\"wp-block-button__link uagb-text-link\" style=\"\" href=\"https:\/\/cguillet.fr\/WordPress3\/2023\/09\/suivi-des-valuations-ccf\/\" target=\"_blank\" rel=\"bookmark noopener noreferrer\">Lire la suite<\/a>\n\t\t\t<\/div>\n\t\t\t\n\t\t\t\t\t\t\t\t\t<\/article>\n\t\t\t\t\t\t\t\t\t\t\t<\/div>\n\t\t\t\n\n\n<div style=\"height:37px\" aria-hidden=\"true\" class=\"wp-block-spacer\"><\/div>\n\n\n\n<div style=\"height:76px\" aria-hidden=\"true\" class=\"wp-block-spacer\"><\/div>\n\n\n\n<div class=\"wp-block-uagb-container uagb-block-7006e328 default uagb-is-root-container\">\n<div class=\"wp-block-uagb-info-box uagb-block-55f290af uagb-infobox__content-wrap  uagb-infobox-icon-above-title uagb-infobox-image-valign-top\"><div class=\"uagb-ifb-content\"><div class=\"uagb-ifb-icon-wrap\"><\/div><div class=\"uagb-ifb-title-wrap\"><h1 class=\"uagb-ifb-title\">Workshop CDUI 2024<\/h1><\/div><p class=\"uagb-ifb-desc\">Toutes les infos concernant le Workshop client : liens drive &#8211; Coordonn\u00e9s clients &#8211; Dates importantes &#8211; Liens serveur OVH \u2026<\/p><div class=\"uagb-ifb-button-wrapper wp-block-button\"><a href=\"https:\/\/cguillet.notion.site\/Workshop-Concepteur-Designer-UI-2024-39afbc6415a14d928479b0db58a0bbe7?pvs=4\" class=\"uagb-infobox-cta-link wp-block-button__link\" target=\"_blank\" rel=\"noopener noreferrer\"><span class=\"uagb-inline-editing\">GO<\/span><\/a><\/div><\/div><\/div>\n<\/div>\n\n\n\n<div style=\"height:20px\" aria-hidden=\"true\" class=\"wp-block-spacer\"><\/div>\n\n\n\n<div class=\"wp-block-uagb-container uagb-block-80b912fb default uagb-is-root-container\">\n<div class=\"wp-block-uagb-info-box uagb-block-6699732d uagb-infobox__content-wrap  uagb-infobox-icon-above-title uagb-infobox-image-valign-top\"><div class=\"uagb-ifb-content\"><div class=\"uagb-ifb-icon-wrap\"><\/div><div class=\"uagb-ifb-title-wrap\"><h1 class=\"uagb-ifb-title\">Lien Drive pour d\u00e9poser les \u00e9l\u00e9ments du dossier de Projet<\/h1><\/div><p class=\"uagb-ifb-desc\">Pour vous connecter, vous devrez le faire \u00e0 partir de votre compte Google perso que vous m&rsquo;avez communiqu\u00e9 en d\u00e9but d&rsquo;ann\u00e9e<\/p><div class=\"uagb-ifb-button-wrapper wp-block-button\"><a href=\"https:\/\/drive.google.com\/drive\/folders\/10qDc9zYH0NOCGoNFcvk860a5YjSFPkMp?usp=sharing\" class=\"uagb-infobox-cta-link wp-block-button__link\" target=\"_blank\" rel=\"noopener noreferrer\"><span class=\"uagb-inline-editing\">GO<\/span><\/a><\/div><\/div><\/div>\n<\/div>\n\n\n\n<div style=\"height:56px\" aria-hidden=\"true\" class=\"wp-block-spacer\"><\/div>\n\n\n\n<h1 class=\"wp-block-heading alignfull has-text-align-center\">Production &amp; planning des soutenances devant le jury<\/h1>\n\n\n\n<div style=\"height:37px\" aria-hidden=\"true\" class=\"wp-block-spacer\"><\/div>\n\n\n\n\t\t\t<div class=\"wp-block-uagb-post-masonry uagb-post-grid  uagb-post__image-position-top uagb-post__image-enabled uagb-block-6ca30865     uagb-post__items uagb-post__columns-3 is-masonry uagb-post__columns-tablet-2 uagb-post__columns-mobile-1\" data-total=\"1\" style=\"\">\n\n\t\t\t\t\t\t\t\t\t\t\t\t<article class=\"uagb-post__inner-wrap\">\t\t\t\t\t\t\t\t<div class='uagb-post__image'>\n\t\t\t\t\t\t\t\t\t<a href=\"https:\/\/cguillet.fr\/WordPress3\/2023\/09\/retroplanning-et-productions-pour-le-jury\/\" target=\"_blank\" rel=\"bookmark noopener noreferrer\"><img loading=\"lazy\" decoding=\"async\" width=\"1024\" height=\"662\" src=\"https:\/\/cguillet.fr\/WordPress3\/wp-content\/uploads\/2018\/07\/daria-nepriakhina-474558-unsplash-1024x662.jpg\" class=\"attachment-large size-large\" alt=\"\" srcset=\"https:\/\/cguillet.fr\/WordPress3\/wp-content\/uploads\/2018\/07\/daria-nepriakhina-474558-unsplash-1024x662.jpg 1024w, https:\/\/cguillet.fr\/WordPress3\/wp-content\/uploads\/2018\/07\/daria-nepriakhina-474558-unsplash-300x194.jpg 300w, https:\/\/cguillet.fr\/WordPress3\/wp-content\/uploads\/2018\/07\/daria-nepriakhina-474558-unsplash-768x496.jpg 768w\" sizes=\"(max-width: 1024px) 100vw, 1024px\" \/>\t\t\t\t\t<\/a>\n\t\t\t\t\t\t\t\t\t<\/div>\n\t\t\t\t\t\t<h5 class=\"uagb-post__title uagb-post__text\">\n\t\t\t\t<a href=\"https:\/\/cguillet.fr\/WordPress3\/2023\/09\/retroplanning-et-productions-pour-le-jury\/\" target=\"_blank\" rel=\"bookmark noopener noreferrer\">Prot\u00e9g\u00e9\u00a0: R\u00e9troplanning et productions pour le jury<\/a>\n\t\t\t<\/h5>\n\t\t\t\t\t\t<div class='uagb-post__text uagb-post-grid-byline'>\n\t\t\t\t\t\t\t\t<time datetime=\"2023-09-08T16:27:00+02:00\" class=\"uagb-post__date\">\n\t\t\t\t\t\t\t\t\tseptembre 8, 2023\t\t\t\t<\/time>\n\t\t\t\t\t\t<\/div>\n\t\t\t\t\t\t<div class=\"uagb-post__text uagb-post__cta wp-block-button\">\n\t\t\t\t<a class=\"wp-block-button__link uagb-text-link\" style=\"\" href=\"https:\/\/cguillet.fr\/WordPress3\/2023\/09\/retroplanning-et-productions-pour-le-jury\/\" target=\"_blank\" rel=\"bookmark noopener noreferrer\">Lire la suite<\/a>\n\t\t\t<\/div>\n\t\t\t\n\t\t\t\t\t\t\t\t\t<\/article>\n\t\t\t\t\t\t\t\t\t\t\t\t\t\t\t\t<article class=\"uagb-post__inner-wrap\">\t\t\t\t\t\t\t\t<div class='uagb-post__image'>\n\t\t\t\t\t\t\t\t\t<a href=\"https:\/\/cguillet.fr\/WordPress3\/2023\/09\/organisation-de-la-periode-de-soutenance-blanche-et-de-validation-des-rendus\/\" target=\"_blank\" rel=\"bookmark noopener noreferrer\"><img loading=\"lazy\" decoding=\"async\" width=\"1024\" height=\"683\" src=\"https:\/\/cguillet.fr\/WordPress3\/wp-content\/uploads\/2018\/09\/jantine-doornbos-398339-unsplash-1024x683.jpg\" class=\"attachment-large size-large\" alt=\"\" srcset=\"https:\/\/cguillet.fr\/WordPress3\/wp-content\/uploads\/2018\/09\/jantine-doornbos-398339-unsplash-1024x683.jpg 1024w, https:\/\/cguillet.fr\/WordPress3\/wp-content\/uploads\/2018\/09\/jantine-doornbos-398339-unsplash-300x200.jpg 300w, https:\/\/cguillet.fr\/WordPress3\/wp-content\/uploads\/2018\/09\/jantine-doornbos-398339-unsplash-768x512.jpg 768w\" sizes=\"(max-width: 1024px) 100vw, 1024px\" \/>\t\t\t\t\t<\/a>\n\t\t\t\t\t\t\t\t\t<\/div>\n\t\t\t\t\t\t<h5 class=\"uagb-post__title uagb-post__text\">\n\t\t\t\t<a href=\"https:\/\/cguillet.fr\/WordPress3\/2023\/09\/organisation-de-la-periode-de-soutenance-blanche-et-de-validation-des-rendus\/\" target=\"_blank\" rel=\"bookmark noopener noreferrer\">Prot\u00e9g\u00e9\u00a0: Soutenance blanche et validation des rendus<\/a>\n\t\t\t<\/h5>\n\t\t\t\t\t\t<div class='uagb-post__text uagb-post-grid-byline'>\n\t\t\t\t\t\t\t\t<time datetime=\"2023-09-08T11:24:32+02:00\" class=\"uagb-post__date\">\n\t\t\t\t\t\t\t\t\tseptembre 8, 2023\t\t\t\t<\/time>\n\t\t\t\t\t\t<\/div>\n\t\t\t\t\t\t<div class=\"uagb-post__text uagb-post__cta wp-block-button\">\n\t\t\t\t<a class=\"wp-block-button__link uagb-text-link\" style=\"\" href=\"https:\/\/cguillet.fr\/WordPress3\/2023\/09\/organisation-de-la-periode-de-soutenance-blanche-et-de-validation-des-rendus\/\" target=\"_blank\" rel=\"bookmark noopener noreferrer\">Lire la suite<\/a>\n\t\t\t<\/div>\n\t\t\t\n\t\t\t\t\t\t\t\t\t<\/article>\n\t\t\t\t\t\t\t\t\t\t\t\t\t\t\t\t<article class=\"uagb-post__inner-wrap\">\t\t\t\t\t\t\t\t<div class='uagb-post__image'>\n\t\t\t\t\t\t\t\t\t<a href=\"https:\/\/cguillet.fr\/WordPress3\/2023\/09\/organisation-des-jurry\/\" target=\"_blank\" rel=\"bookmark noopener noreferrer\"><img loading=\"lazy\" decoding=\"async\" width=\"1024\" height=\"683\" src=\"https:\/\/cguillet.fr\/WordPress3\/wp-content\/uploads\/2019\/04\/neonbrand-509131-unsplash-1024x683.jpg\" class=\"attachment-large size-large\" alt=\"\" srcset=\"https:\/\/cguillet.fr\/WordPress3\/wp-content\/uploads\/2019\/04\/neonbrand-509131-unsplash-1024x683.jpg 1024w, https:\/\/cguillet.fr\/WordPress3\/wp-content\/uploads\/2019\/04\/neonbrand-509131-unsplash-300x200.jpg 300w, https:\/\/cguillet.fr\/WordPress3\/wp-content\/uploads\/2019\/04\/neonbrand-509131-unsplash-768x512.jpg 768w\" sizes=\"(max-width: 1024px) 100vw, 1024px\" \/>\t\t\t\t\t<\/a>\n\t\t\t\t\t\t\t\t\t<\/div>\n\t\t\t\t\t\t<h5 class=\"uagb-post__title uagb-post__text\">\n\t\t\t\t<a href=\"https:\/\/cguillet.fr\/WordPress3\/2023\/09\/organisation-des-jurry\/\" target=\"_blank\" rel=\"bookmark noopener noreferrer\">Prot\u00e9g\u00e9\u00a0: Organisation des jurry<\/a>\n\t\t\t<\/h5>\n\t\t\t\t\t\t<div class='uagb-post__text uagb-post-grid-byline'>\n\t\t\t\t\t\t\t\t<time datetime=\"2023-09-08T11:37:31+02:00\" class=\"uagb-post__date\">\n\t\t\t\t\t\t\t\t\tseptembre 8, 2023\t\t\t\t<\/time>\n\t\t\t\t\t\t<\/div>\n\t\t\t\t\t\t<div class=\"uagb-post__text uagb-post__cta wp-block-button\">\n\t\t\t\t<a class=\"wp-block-button__link uagb-text-link\" style=\"\" href=\"https:\/\/cguillet.fr\/WordPress3\/2023\/09\/organisation-des-jurry\/\" target=\"_blank\" rel=\"bookmark noopener noreferrer\">Lire la suite<\/a>\n\t\t\t<\/div>\n\t\t\t\n\t\t\t\t\t\t\t\t\t<\/article>\n\t\t\t\t\t\t\t\t\t\t\t<\/div>\n\t\t\t\n\n\n<div style=\"height:76px\" aria-hidden=\"true\" class=\"wp-block-spacer\"><\/div>\n\n\n\n<div class=\"wp-block-buttons is-horizontal is-content-justification-center is-layout-flex wp-container-core-buttons-is-layout-1 wp-block-buttons-is-layout-flex\">\n<div class=\"wp-block-button is-style-fill\"><a class=\"wp-block-button__link has-white-color has-black-background-color has-text-color has-background wp-element-button\" href=\"#HautDePage\" style=\"border-radius:25px\">Retour vers le Haut<\/a><\/div>\n<\/div>\n\n\n\n<div style=\"height:100px\" aria-hidden=\"true\" class=\"wp-block-spacer\"><\/div>\n","protected":false},"excerpt":{"rendered":"<p>Planning &amp; rendez-vous importants Liens Drive &amp; et suivi CCF Production &amp; planning des soutenances devant le jury<\/p>\n","protected":false},"author":1,"featured_media":0,"parent":0,"menu_order":16,"comment_status":"closed","ping_status":"closed","template":"","meta":{"_uag_custom_page_level_css":"","site-sidebar-layout":"no-sidebar","site-content-layout":"default","ast-site-content-layout":"default","site-content-style":"default","site-sidebar-style":"default","ast-global-header-display":"","ast-banner-title-visibility":"","ast-main-header-display":"","ast-hfb-above-header-display":"","ast-hfb-below-header-display":"","ast-hfb-mobile-header-display":"","site-post-title":"disabled","ast-breadcrumbs-content":"disabled","ast-featured-img":"","footer-sml-layout":"","theme-transparent-header-meta":"default","adv-header-id-meta":"","stick-header-meta":"","header-above-stick-meta":"","header-main-stick-meta":"","header-below-stick-meta":"","astra-migrate-meta-layouts":"set","ast-page-background-enabled":"default","ast-page-background-meta":{"desktop":{"background-color":"","background-image":"","background-repeat":"repeat","background-position":"center center","background-size":"auto","background-attachment":"scroll","background-type":"","background-media":"","overlay-type":"","overlay-color":"","overlay-opacity":"","overlay-gradient":""},"tablet":{"background-color":"","background-image":"","background-repeat":"repeat","background-position":"center center","background-size":"auto","background-attachment":"scroll","background-type":"","background-media":"","overlay-type":"","overlay-color":"","overlay-opacity":"","overlay-gradient":""},"mobile":{"background-color":"","background-image":"","background-repeat":"repeat","background-position":"center center","background-size":"auto","background-attachment":"scroll","background-type":"","background-media":"","overlay-type":"","overlay-color":"","overlay-opacity":"","overlay-gradient":""}},"ast-content-background-meta":{"desktop":{"background-color":"var(--ast-global-color-5)","background-image":"","background-repeat":"repeat","background-position":"center center","background-size":"auto","background-attachment":"scroll","background-type":"","background-media":"","overlay-type":"","overlay-color":"","overlay-opacity":"","overlay-gradient":""},"tablet":{"background-color":"var(--ast-global-color-5)","background-image":"","background-repeat":"repeat","background-position":"center center","background-size":"auto","background-attachment":"scroll","background-type":"","background-media":"","overlay-type":"","overlay-color":"","overlay-opacity":"","overlay-gradient":""},"mobile":{"background-color":"var(--ast-global-color-5)","background-image":"","background-repeat":"repeat","background-position":"center center","background-size":"auto","background-attachment":"scroll","background-type":"","background-media":"","overlay-type":"","overlay-color":"","overlay-opacity":"","overlay-gradient":""}},"footnotes":""},"class_list":["post-2300","page","type-page","status-publish","hentry"],"uagb_featured_image_src":{"full":false,"thumbnail":false,"medium":false,"medium_large":false,"large":false,"1536x1536":false,"2048x2048":false},"uagb_author_info":{"display_name":"admin","author_link":"https:\/\/cguillet.fr\/WordPress3\/author\/admin\/"},"uagb_comment_info":0,"uagb_excerpt":"Planning &amp; rendez-vous importants Liens Drive &amp; et suivi CCF Production &amp; planning des soutenances devant le jury","_links":{"self":[{"href":"https:\/\/cguillet.fr\/WordPress3\/wp-json\/wp\/v2\/pages\/2300"}],"collection":[{"href":"https:\/\/cguillet.fr\/WordPress3\/wp-json\/wp\/v2\/pages"}],"about":[{"href":"https:\/\/cguillet.fr\/WordPress3\/wp-json\/wp\/v2\/types\/page"}],"author":[{"embeddable":true,"href":"https:\/\/cguillet.fr\/WordPress3\/wp-json\/wp\/v2\/users\/1"}],"replies":[{"embeddable":true,"href":"https:\/\/cguillet.fr\/WordPress3\/wp-json\/wp\/v2\/comments?post=2300"}],"version-history":[{"count":107,"href":"https:\/\/cguillet.fr\/WordPress3\/wp-json\/wp\/v2\/pages\/2300\/revisions"}],"predecessor-version":[{"id":3808,"href":"https:\/\/cguillet.fr\/WordPress3\/wp-json\/wp\/v2\/pages\/2300\/revisions\/3808"}],"wp:attachment":[{"href":"https:\/\/cguillet.fr\/WordPress3\/wp-json\/wp\/v2\/media?parent=2300"}],"curies":[{"name":"wp","href":"https:\/\/api.w.org\/{rel}","templated":true}]}}