{"id":1979,"date":"2021-04-12T11:03:13","date_gmt":"2021-04-12T09:03:13","guid":{"rendered":"https:\/\/cguillet.fr\/WordPress3\/?page_id=1979"},"modified":"2024-01-19T16:04:10","modified_gmt":"2024-01-19T15:04:10","slug":"support-de-presentation-pour-soutenance-orale","status":"publish","type":"page","link":"https:\/\/cguillet.fr\/WordPress3\/support-de-presentation-pour-soutenance-orale\/","title":{"rendered":"Support de Pr\u00e9sentation pour soutenance orale"},"content":{"rendered":"\n<header>\n<h2 class=\"single-title\"><span style=\"color: inherit; font-size: 1.25em; font-family: -apple-system, BlinkMacSystemFont, 'Segoe UI', Roboto, Oxygen-Sans, Ubuntu, Cantarell, 'Helvetica Neue', sans-serif;\">Points \u00e0 aborder\u00a0 pour votre pr\u00e9sentation en trois points \u2014 01 h 10<\/span><\/h2>\n<h4 class=\"single-title\"><span style=\"color: inherit; font-size: 1.25em; font-family: -apple-system, BlinkMacSystemFont, 'Segoe UI', Roboto, Oxygen-Sans, Ubuntu, Cantarell, 'Helvetica Neue', sans-serif;\">Le candidat pr\u00e9sente son projet de site internet \u2014 une dur\u00e9e de 30 minutes\u00a0<\/span><\/h4>\n<\/header>\n<div class=\"entry-content\">\n<p><span style=\"font-family: -apple-system, BlinkMacSystemFont, 'Segoe UI', Roboto, Oxygen-Sans, Ubuntu, Cantarell, 'Helvetica Neue', sans-serif; font-size: inherit; font-weight: inherit;\">Le candidat pre\u0301sente son projet a\u0300 l\u2019aide d\u2019un support de pre\u0301sentation (type diaporama &#8211; A4 \u00e0 l\u2019italienne en PDF interactif) et selon ce canevas.<\/span><\/p>\n<p>Dans certains cas selon votre choix, vous aurez la possibilit\u00e9 de regrouper deux sujets de votre pr\u00e9sentation sur un seul \u00e9cran. Bien sur l\u2019articulation peu \u00eatre un peu diff\u00e9rente mais doit suivre une certaine chronologie.<\/p>\n<p>Pour rappel,\u00a0 pensez \u00e0 ne pas trop charger vos \u00e9cran avec du texte. Mettre plus de visuels, pr\u00e9f\u00e9rez les mots clefs plut\u00f4t que des paragraphes. Vous accompagnerez ce support visuel de votre pr\u00e9sentation \u00e0 l\u2019oral (pour rappel le jury pourra consulter votre dossier de conception sur son poste en simultan\u00e9 lors de votre oral).<\/p>\n<div class=\"page\" title=\"Page 7\">\n<p>\u00a0<\/p>\n<h4><strong>\u00c9cran de couverture ou intro<\/strong><\/h4>\n<ul>\n<li>Pr\u00e9sentation de votre parcours (oral 1 \u00e0 2 minutes)<\/li>\n<li>Pr\u00e9sentation de l\u2019entreprise d\u2019accueil et liste missions r\u00e9currentes (oral 1 \u00e0 2 minutes)<\/li>\n<\/ul>\n<\/div>\n<\/div>\n<h4><span style=\"font-weight: bold;\">Le contexte<\/span><\/h4>\n<ul>\n<li>Pr\u00e9sentation Client &amp;\/ou marque : Univers, Valeurs, March\u00e9, Positionnement<\/li>\n<li>Enjeux &amp; finalit\u00e9 du site : <br \/>Les constats &amp; L&rsquo;analyse de l&rsquo;existant (pour la refonte d&rsquo;un site UI\/UX\/DATA\/Positionnement\/Existence de logo ou de Charte\u2026)<br \/>Objectifs fonctionnels du site pour le client, <br \/>Objectifs fonctionnels du site pour les cibles<\/li>\n<li>Cibles<\/li>\n<li>Nom de domaines (rapport SEO)<\/li>\n<li>La veille \/ Benchmark d&rsquo;un site concurrent de celui \u00e0 cr\u00e9er\u00a0 (parcours de navigation, persona, choix du nom de domaine, analyse de l\u2019\u00e9cosyst\u00e8me des r\u00e9seaux sociaux, Veille en ce qui concerne le SEO, ambiance graphique (ce qui est int\u00e9ressant chez les concurrents et ce qui peut r\u00e9pondre aux objectifs de votre projet mais votre d\u00e9marche sera abord\u00e9e plus tard au d\u00e9but de la partie qui traite l&rsquo;UI)<\/li>\n<li>Planning<\/li>\n<li>Les co\u00fbts<\/li>\n<li>La probl\u00e9matique<\/li>\n<\/ul>\n<h4><strong>l&rsquo;UX<\/strong><\/h4>\n<ul>\n<li>Objectifs en therme UX<\/li>\n<li>Les personnas<\/li>\n<li>L&rsquo;arborescence<\/li>\n<li>Userflow\/par persona<\/li>\n<li>Zonning et Wirefrime (montrer la d\u00e9coupe \u00e9ditorial sur le wirefrime pour les pages principales du site)<\/li>\n<\/ul>\n<h4><strong>l&rsquo;UI<\/strong><\/h4>\n<ul>\n<li>Objectifs\u00a0en therme UI<\/li>\n<li>Valeurs, Univers du client, ton, type de message, promesse traduit sur le Moodboard avec <span style=\"color: #ff0000;\"><strong>plusieurs tendances puis la tendance retenue.<\/strong><\/span><\/li>\n<li>Logo &amp; Charte Graphique du Client &#8211;<strong><span style=\"color: #ff0000;\"> Toujours faire des propositions de logo m\u00eame si le client n&rsquo;en veut pas<\/span><\/strong> (justifier cela envers le client par le fait que souvent le logo n&rsquo;a pas \u00e9t\u00e9 con\u00e7u dans une logique de communication \u00e0 360\u00b0, que le nouveau site demande une Upgrade pour r\u00e9pondre aux nouveaux objectifs &#8211; maintenant si le client reste sur ses positions cela vous aura permis de le repousser dans ses retranchements et ses contradictions &#8211; Dans ce cas de figure il sera tr\u00e8s interessant qu&rsquo;il argumente clairement sa volont\u00e9 de ne pas changer )\u00a0\u00a0&#8211;\u00a0\u00a0<strong>Il faut pouvoir d\u00e9monter que vous avez mis en \u0153uvre une d\u00e9marche de conception de logo <span style=\"color: #ff0000;\">avec plusieurs pistes de recherche<\/span><\/strong> &#8211; <strong><span style=\"color: #ff0000;\">Il faut garder les versions et la g\u00e9n\u00e8se de vos d\u00e9marches cr\u00e9atives<\/span><\/strong>.<\/li>\n<li>Maquettes des pages principales\u00a0 avec priorit\u00e9 sur la version mobile (concept \u00ab Mobile First \u00bb si cela est une r\u00e9alit\u00e9 pour le projet en question bien sur). L\u00e0 encore <strong>il faut pouvoir monter les maquettes de d\u00e9part et les maquettes modifi\u00e9es<\/strong> lors de la pr\u00e9sentation. <span style=\"color: #ff0000;\"><strong>Cela sert \u00e0 montrer justement les \u00e9volutions int\u00e9grant les modifications demand\u00e9es par le client.<\/strong><\/span> (Surtout si ces derni\u00e8res sont moins bien que les pistes de d\u00e9part)<!-- notionvc: 86c1e779-b4f3-4234-ab4d-d3aea2650684 --><\/li>\n<li>Style guide<\/li>\n<\/ul>\n<h4><strong>Publication et Int\u00e9gration<\/strong><\/h4>\n<ul>\n<li>Objectifs en therme de fonctionnalit\u00e9s<\/li>\n<li>Th\u00e8me (th\u00e8me enfant)<\/li>\n<li>Articles, pages, menus, cat\u00e9gories, \u00e9tiquettes<\/li>\n<li>Extensions et Plugins pour le Front (formulaire, menu, pop-up\u2026)<\/li>\n<li>Extensions et Plugins pour le Back (Sauvegarde, Migration, Page Builder\u2026)<\/li>\n<li>Lien vers le site client<\/li>\n<\/ul>\n<h4>Optimisation<\/h4>\n<ul>\n<li>Objectifs en therme de performance et de trafic<\/li>\n<li>M\u00e9thode &amp; Outils pour les test conformit\u00e9 W3C avec r\u00e9sultats<\/li>\n<li>M\u00e9thode &amp; Outils pour les test accessibilit\u00e9 avec r\u00e9sultats<\/li>\n<li>M\u00e9thode &amp; Outils pour les test r\u00e9f\u00e9rencement avec r\u00e9sultats (SEM = SEO\/SEA)<\/li>\n<li>M\u00e9thode &amp; Outils pour les test utilisateurs avec r\u00e9sultats\u00a0<\/li>\n<li>\u00a0Axes d&rsquo;am\u00e9liorations sur ces diff\u00e9rents tests<\/li>\n<\/ul>\n<h4>Communication Webmarketing<\/h4>\n<ul>\n<li>Strat\u00e9gie WebMarketing (Constat Data &amp; KPI &#8211; choix des r\u00e9seaux &#8211; ton \u00e9ditorial &#8211; Objectifs de trafic<\/li>\n<li>Newsletter<\/li>\n<li>Type de posts SMO &amp; SMA<br \/>Angle des posts (Conseils, Ev\u00e9nements, Pr\u00e9sentation produit\/prestation, Partage de contenu, offre sp\u00e9ciale\/marronnier, monter les coulisses, t\u00e9moignages, derni\u00e8res actualit\u00e9s, infographie march\u00e9\/secteur, des contenus t\u00e9l\u00e8chargable, des extraits gratuits, des conseils experts, pr\u00e9sentation de partenaires, mise en avant d&rsquo;un client\u2026<\/li>\n<li>Calendrier \u00e9ditorial<\/li>\n<li>\u00a0Production de posts types \/ r\u00e9seau social<\/li>\n<\/ul>\n<p>\u00a0<\/p>\n<div class=\"entry-content\">\n<div class=\"page\" title=\"Page 7\">\n<div class=\"layoutArea\">\n<div class=\"column\">\n<h4><strong>Synthe\u0300se et conclusion<\/strong> (satisfactions et difficulte\u0301s rencontre\u0301es).<\/h4>\n<ul>\n<li>analyse r\u00e9flexive \u2013 et toujours voir les choses de mani\u00e8re positive<\/li>\n<li>Gestion du projet<\/li>\n<li>Freins au projet<\/li>\n<\/ul>\n<\/div>\n<\/div>\n<\/div>\n<p>Pour rappel vous pouvez retrouvez les \u00e9l\u00e9ments devant constituer le Dossier de Projet ainsi que la nomenclature des \u00e9l\u00e9ments \u00e0 mettre \u00e0 disposition pour le jury :<br \/><span style=\"color: #ff0000;\"><a style=\"color: #ff0000;\" href=\"https:\/\/cguillet.fr\/WordPress3\/le-dossier-de-projet\/\" target=\"_blank\" rel=\"noopener\">https:\/\/cguillet.fr\/WordPress3\/le-dossier-de-projet\/<\/a><\/span><\/p>\n<div class=\"page\" title=\"Page 6\">\n<div class=\"layoutArea\">\n<div class=\"column\">\n<p>\u00a0<\/p>\n<\/div>\n<\/div>\n<\/div>\n<h4 class=\"single-title\"><span style=\"color: inherit; font-size: 1.25em; font-family: -apple-system, BlinkMacSystemFont, 'Segoe UI', Roboto, Oxygen-Sans, Ubuntu, Cantarell, 'Helvetica Neue', sans-serif;\"><span style=\"color: #000000;\">Le candidat pr\u00e9sente la communication destin\u00e9e \u00e0 la promotion du site \u2014 une dur\u00e9e de 20 minutes<\/span><\/span><\/h4>\n<div class=\"page\" title=\"Page 5\">\n<div class=\"section\">\n<div class=\"layoutArea\">\n<div class=\"column\">\n<p>Une animation vide\u0301o et un support de communication imprime\u0301e destine\u0301s a\u0300 la promotion du site. (L\u2019animation elle-me\u0302me est d\u2019une dure\u0301e comprise entre 1 min et 1 min 30s).<\/p>\n<\/div>\n<\/div>\n<\/div>\n<\/div>\n<h4><strong>Le dossier de projet doit comporter p<span style=\"font-family: -apple-system, BlinkMacSystemFont, 'Segoe UI', Roboto, Oxygen-Sans, Ubuntu, Cantarell, 'Helvetica Neue', sans-serif; font-size: inherit;\">our l\u2019animation :\u00a0 <br \/><\/span><\/strong><\/h4>\n<ul>\n<li>Objectifs, cibles, d\u00e9coupage des s\u00e9quences<\/li>\n<li>Strorybord<\/li>\n<li>Caract\u00e9ristiques techniques<\/li>\n<li>Lancer la vid\u00e9o<\/li>\n<\/ul>\n<h4><strong>Le dossier de projet doit pour les supports de communication imprime\u0301 :<\/strong><\/h4>\n<ul>\n<li>Objectifs, cibles, d\u00e9coupage de l&rsquo;info du document pour la Production Print 1<\/li>\n<li>Caract\u00e9ristiques techniques pour la Production Print 1<\/li>\n<li>Livrables norm\u00e9s pour la Production Print 1<\/li>\n<\/ul>\n<p>\u00a0<\/p>\n<ul>\n<li>Objectifs, cibles, d\u00e9coupage de l&rsquo;info du document pour la Production Print 2<\/li>\n<li>Caract\u00e9ristiques techniques pour la Production Print 2<\/li>\n<li>Livrables norm\u00e9s pour la Production Print 2<\/li>\n<\/ul>\n<p>\u00a0<\/p>\n<ul>\n<li>Objectifs, cibles, d\u00e9coupage de l&rsquo;info du document pour la Production Print 3<\/li>\n<li>Caract\u00e9ristiques techniques pour la Production Print 3<\/li>\n<li>Livrables norm\u00e9s pour la Production Print 3<\/li>\n<\/ul>\n<p>\u00a0<\/p>\n<h4><span style=\"color: inherit; font-size: 1.25em; font-family: -apple-system, BlinkMacSystemFont, 'Segoe UI', Roboto, Oxygen-Sans, Ubuntu, Cantarell, 'Helvetica Neue', sans-serif;\"><span style=\"color: #000000;\">Questionnement du jury au sujet de son projet \u2014 une dur\u00e9e de 2<\/span><\/span><span style=\"color: inherit; font-size: 1.25em; font-family: -apple-system, BlinkMacSystemFont, 'Segoe UI', Roboto, Oxygen-Sans, Ubuntu, Cantarell, 'Helvetica Neue', sans-serif;\"><span style=\"color: #000000;\">0 minutes<\/span><\/span><\/h4>\n<\/div>\n\n\n\n<div style=\"height:100px\" aria-hidden=\"true\" class=\"wp-block-spacer\"><\/div>\n","protected":false},"excerpt":{"rendered":"<p>Points \u00e0 aborder\u00a0 pour votre pr\u00e9sentation en trois points \u2014 01 h 10 Le candidat pr\u00e9sente son projet de site internet \u2014 une dur\u00e9e de 30 minutes\u00a0 Le candidat pre\u0301sente son projet a\u0300 l\u2019aide d\u2019un support de pre\u0301sentation (type diaporama &#8211; A4 \u00e0 l\u2019italienne en PDF interactif) et selon ce canevas. Dans certains cas selon [&hellip;]<\/p>\n","protected":false},"author":1,"featured_media":0,"parent":0,"menu_order":15,"comment_status":"closed","ping_status":"closed","template":"","meta":{"_uag_custom_page_level_css":"","site-sidebar-layout":"no-sidebar","site-content-layout":"plain-container","ast-site-content-layout":"normal-width-container","site-content-style":"unboxed","site-sidebar-style":"unboxed","ast-global-header-display":"","ast-banner-title-visibility":"","ast-main-header-display":"","ast-hfb-above-header-display":"","ast-hfb-below-header-display":"","ast-hfb-mobile-header-display":"","site-post-title":"","ast-breadcrumbs-content":"","ast-featured-img":"","footer-sml-layout":"","theme-transparent-header-meta":"default","adv-header-id-meta":"","stick-header-meta":"","header-above-stick-meta":"","header-main-stick-meta":"","header-below-stick-meta":"","astra-migrate-meta-layouts":"set","ast-page-background-enabled":"default","ast-page-background-meta":{"desktop":{"background-color":"","background-image":"","background-repeat":"repeat","background-position":"center center","background-size":"auto","background-attachment":"scroll","background-type":"","background-media":"","overlay-type":"","overlay-color":"","overlay-opacity":"","overlay-gradient":""},"tablet":{"background-color":"","background-image":"","background-repeat":"repeat","background-position":"center center","background-size":"auto","background-attachment":"scroll","background-type":"","background-media":"","overlay-type":"","overlay-color":"","overlay-opacity":"","overlay-gradient":""},"mobile":{"background-color":"","background-image":"","background-repeat":"repeat","background-position":"center center","background-size":"auto","background-attachment":"scroll","background-type":"","background-media":"","overlay-type":"","overlay-color":"","overlay-opacity":"","overlay-gradient":""}},"ast-content-background-meta":{"desktop":{"background-color":"var(--ast-global-color-5)","background-image":"","background-repeat":"repeat","background-position":"center center","background-size":"auto","background-attachment":"scroll","background-type":"","background-media":"","overlay-type":"","overlay-color":"","overlay-opacity":"","overlay-gradient":""},"tablet":{"background-color":"var(--ast-global-color-5)","background-image":"","background-repeat":"repeat","background-position":"center center","background-size":"auto","background-attachment":"scroll","background-type":"","background-media":"","overlay-type":"","overlay-color":"","overlay-opacity":"","overlay-gradient":""},"mobile":{"background-color":"var(--ast-global-color-5)","background-image":"","background-repeat":"repeat","background-position":"center center","background-size":"auto","background-attachment":"scroll","background-type":"","background-media":"","overlay-type":"","overlay-color":"","overlay-opacity":"","overlay-gradient":""}},"footnotes":""},"class_list":["post-1979","page","type-page","status-publish","hentry"],"uagb_featured_image_src":{"full":false,"thumbnail":false,"medium":false,"medium_large":false,"large":false,"1536x1536":false,"2048x2048":false},"uagb_author_info":{"display_name":"admin","author_link":"https:\/\/cguillet.fr\/WordPress3\/author\/admin\/"},"uagb_comment_info":0,"uagb_excerpt":"Points \u00e0 aborder\u00a0 pour votre pr\u00e9sentation en trois points \u2014 01 h 10 Le candidat pr\u00e9sente son projet de site internet \u2014 une dur\u00e9e de 30 minutes\u00a0 Le candidat pre\u0301sente son projet a\u0300 l\u2019aide d\u2019un support de pre\u0301sentation (type diaporama &#8211; A4 \u00e0 l\u2019italienne en PDF interactif) et selon ce canevas. Dans certains cas selon\u2026","_links":{"self":[{"href":"https:\/\/cguillet.fr\/WordPress3\/wp-json\/wp\/v2\/pages\/1979"}],"collection":[{"href":"https:\/\/cguillet.fr\/WordPress3\/wp-json\/wp\/v2\/pages"}],"about":[{"href":"https:\/\/cguillet.fr\/WordPress3\/wp-json\/wp\/v2\/types\/page"}],"author":[{"embeddable":true,"href":"https:\/\/cguillet.fr\/WordPress3\/wp-json\/wp\/v2\/users\/1"}],"replies":[{"embeddable":true,"href":"https:\/\/cguillet.fr\/WordPress3\/wp-json\/wp\/v2\/comments?post=1979"}],"version-history":[{"count":32,"href":"https:\/\/cguillet.fr\/WordPress3\/wp-json\/wp\/v2\/pages\/1979\/revisions"}],"predecessor-version":[{"id":3772,"href":"https:\/\/cguillet.fr\/WordPress3\/wp-json\/wp\/v2\/pages\/1979\/revisions\/3772"}],"wp:attachment":[{"href":"https:\/\/cguillet.fr\/WordPress3\/wp-json\/wp\/v2\/media?parent=1979"}],"curies":[{"name":"wp","href":"https:\/\/api.w.org\/{rel}","templated":true}]}}